{"id":8610,"date":"2023-12-14T08:50:40","date_gmt":"2023-12-14T08:50:40","guid":{"rendered":"https:\/\/performance-ppc.com\/privacidad"},"modified":"2025-12-19T11:07:53","modified_gmt":"2025-12-19T11:07:53","slug":"privacidad","status":"publish","type":"page","link":"https:\/\/performance-ppc.com\/es\/privacidad","title":{"rendered":"Privacidad"},"content":{"rendered":"\t\t<div data-elementor-type=\"wp-page\" data-elementor-id=\"8610\" class=\"elementor elementor-8610 elementor-8206\" data-elementor-post-type=\"page\">\n\t\t\t\t<div class=\"elementor-element elementor-element-62aacf5a e-flex e-con-boxed e-con e-parent\" data-id=\"62aacf5a\" data-element_type=\"container\" data-settings=\"{&quot;background_background&quot;:&quot;classic&quot;}\">\n\t\t\t\t\t<div class=\"e-con-inner\">\n\t\t\t\t<div class=\"elementor-element elementor-element-a056781 elementor-widget elementor-widget-text-editor\" data-id=\"a056781\" data-element_type=\"widget\" data-widget_type=\"text-editor.default\">\n\t\t\t\t<div class=\"elementor-widget-container\">\n\t\t\t\t\t\t\t<h1>Pol\u00edtica de privacidad<\/h1>\n<p>Fecha de entrada en vigor: 2022-11-08<\/p>\n<p>\u00daltima actualizaci\u00f3n: 2025-12-19<\/p>\n<p>Esta Pol\u00edtica de privacidad explica las pol\u00edticas de UpManage Srl sobre la recopilaci\u00f3n y el uso de la informaci\u00f3n que<br \/>recoge cuando accedes a https:\/\/performance-ppc.com (el \u00abServicio\u00bb). Esta Pol\u00edtica de Privacidad<br \/>describe tus derechos y c\u00f3mo te protegen las leyes de privacidad.<\/p>\n<p>Al utilizar nuestro Servicio, das tu consentimiento a la recogida y uso de tu informaci\u00f3n<br \/>de acuerdo con esta Pol\u00edtica de Privacidad. Por favor, no accedas ni utilices nuestro Servicio si<br \/>no consientes la recopilaci\u00f3n y uso de la informaci\u00f3n tal y como se establece en esta Pol\u00edtica de Privacidad. La presente Pol\u00edtica de Privacidad de<br \/>fue creada con la ayuda <a href=\"https:\/\/cookie-script.com\/privacy-policy-generator\" target=\"_blank\" rel=\"noreferrer noopener\">del Generador de Pol\u00edticas de Privacidad de CookieScript<\/a>.<\/p>\n<p><span style=\"color: var( --e-global-color-text ); font-family: var( --e-global-typography-text-font-family ), Sans-serif; font-weight: var( --e-global-typography-text-font-weight ); text-align: var(--text-align); background-color: var( --e-global-color-secondary ); font-size: 1rem;\">UpManage Srl<\/span> tiene derecho a cambiar esta Pol\u00edtica de Privacidad en cualquier momento. Esto puede ocurrir sin previo aviso.<\/p>\n<p><span style=\"color: var( --e-global-color-text ); font-family: var( --e-global-typography-text-font-family ), Sans-serif; font-weight: var( --e-global-typography-text-font-weight ); text-align: var(--text-align); background-color: var( --e-global-color-secondary ); font-size: 1rem;\">UpManage Srl<\/span> publicar\u00e1 la Pol\u00edtica de Privacidad modificada en el sitio web https:\/\/performance-ppc.com.<\/p>\n<h3>Recogida y uso de sus datos personales<\/h3>\n<h4>Informaci\u00f3n recopilada<\/h4>\n<p>Al utilizar nuestro Servicio, se le pedir\u00e1 que nos proporcione informaci\u00f3n personal utilizada para contactar con usted o identificarle. https:\/\/performance-ppc.com recoge la siguiente informaci\u00f3n:<\/p>\n<ul>\n<li>Datos de uso<\/li>\n<li>Nombre<\/li>\n<li>Correo electr\u00f3nico<\/li>\n<li>N\u00famero de tel\u00e9fono m\u00f3vil<\/li>\n<\/ul>\n<p>Los datos de uso son los siguientes:<\/p>\n<ul>\n<li>Direcci\u00f3n del Protocolo de Internet (IP) de los ordenadores que acceden al sitio<\/li>\n<li>Peticiones de p\u00e1ginas web<\/li>\n<li>P\u00e1ginas web de referencia<\/li>\n<li>Navegador utilizado para acceder al sitio<\/li>\n<li>Fecha y hora de acceso<\/li>\n<\/ul>\n<h4>C\u00f3mo recopilamos la informaci\u00f3n<\/h4>\n<p><span style=\"color: var( --e-global-color-text ); font-family: var( --e-global-typography-text-font-family ), Sans-serif; font-weight: var( --e-global-typography-text-font-weight ); text-align: var(--text-align); background-color: var( --e-global-color-secondary ); font-size: 1rem;\">https:\/\/performance-ppc.com<\/span> recoge y recibe informaci\u00f3n de ti de las siguientes maneras:<\/p>\n<ul>\n<li>Cuando rellene un formulario de registro o env\u00ede de otro modo su informaci\u00f3n personal.<\/li>\n<\/ul>\n<p>Tu informaci\u00f3n se conservar\u00e1 durante un m\u00e1ximo de 720 d\u00edas<br \/>despu\u00e9s de cerrar tu cuenta. Tu informaci\u00f3n puede conservarse durante periodos m\u00e1s largos a efectos de elaboraci\u00f3n de informes o mantenimiento de registros en<br \/>, de conformidad con la legislaci\u00f3n aplicable. La informaci\u00f3n que no te identifica personalmente<br \/>puede conservarse indefinidamente.<\/p>\n<h4>C\u00f3mo utilizamos su informaci\u00f3n<\/h4>\n<p><span style=\"color: var( --e-global-color-text ); font-family: var( --e-global-typography-text-font-family ), Sans-serif; font-weight: var( --e-global-typography-text-font-weight ); text-align: var(--text-align); background-color: var( --e-global-color-secondary ); font-size: 1rem;\">https:\/\/performance-ppc.com<\/span> puede utilizar tu informaci\u00f3n para los siguientes fines:<\/p>\n<ul>\n<li><strong>Proporcionar y mantener<\/strong> nuestro Servicio, as\u00ed como supervisar el uso de nuestro Servicio.<\/li>\n<li><strong>Para otros fines.<\/strong>  UpManage Srl utilizar\u00e1 tu informaci\u00f3n para el an\u00e1lisis de datos con el fin de identificar tendencias de uso o determinar la eficacia de nuestras campa\u00f1as de marketing, cuando sea razonable. Utilizaremos su informaci\u00f3n para evaluar y mejorar nuestro servicio, productos, servicios y actividades de marketing.<\/li>\n<li><strong>Para la ejecuci\u00f3n de un contrato.<\/strong>  Sus datos personales se utilizar\u00e1n en el desarrollo, ejecuci\u00f3n y cumplimiento de un contrato para la compra de productos o servicios que haya adquirido a trav\u00e9s de nuestro Servicio.<\/li>\n<li><strong>Para contactar con usted.<\/strong>  UpManage Srl se pondr\u00e1 en contacto contigo por correo electr\u00f3nico, tel\u00e9fono, SMS u otra forma de comunicaci\u00f3n electr\u00f3nica en relaci\u00f3n con funciones, productos, servicios o actualizaciones de seguridad seg\u00fan sea necesario o razonable.<\/li>\n<li><strong>Para ponerle al d\u00eda<\/strong> con noticias, informaci\u00f3n general, ofertas especiales, nuevos servicios y eventos.<\/li>\n<li><strong>Iniciativas de marketing y promoci\u00f3n.<\/strong>  UpManage Srl utilizar\u00e1 la informaci\u00f3n no espec\u00edfica recopilada para mejorar nuestras iniciativas de marketing.<\/li>\n<li><strong>Publicidad dirigida.<\/strong>  Sus datos personales se utilizar\u00e1n para mejorar las iniciativas publicitarias que sean relevantes para sus intereses espec\u00edficos.<\/li>\n<\/ul>\n<h4>C\u00f3mo compartimos su informaci\u00f3n<\/h4>\n<p><span style=\"color: var( --e-global-color-text ); font-family: var( --e-global-typography-text-font-family ), Sans-serif; font-weight: var( --e-global-typography-text-font-weight ); text-align: var(--text-align); background-color: var( --e-global-color-secondary ); font-size: 1rem;\">UpManage Srl<\/span> compartir\u00e1 tu informaci\u00f3n, cuando proceda, en las siguientes situaciones:<\/p>\n<ul>\n<li><strong>Con su consentimiento.<\/strong>  UpManage Srl compartir\u00e1 tu informaci\u00f3n para cualquier prop\u00f3sito con tu consentimiento expl\u00edcito.<\/li>\n<\/ul>\n<h4>Compartir con terceros<\/h4>\n<p>Los terceros con los que compartamos su informaci\u00f3n deben revelar la finalidad para la que pretenden utilizarla. Debe conservar su informaci\u00f3n s\u00f3lo durante el tiempo revelado en el momento de solicitar o recibir dicha informaci\u00f3n. El proveedor de servicios externo no debe recopilar, vender o utilizar su informaci\u00f3n personal excepto en la medida necesaria para llevar a cabo el prop\u00f3sito especificado.<\/p>\n<p>Su informaci\u00f3n puede ser compartida con terceros por razones como:<\/p>\n<ul>\n<li><strong>Informaci\u00f3n estad\u00edstica.<\/strong>  Su informaci\u00f3n puede ser compartida con herramientas de an\u00e1lisis en l\u00ednea para rastrear y analizar el tr\u00e1fico del sitio web.<\/li>\n<li><strong>Iniciativas de marketing.<\/strong>  Su informaci\u00f3n se utilizar\u00e1 para generar y enviarle boletines, iniciativas de marketing por correo electr\u00f3nico, publicidad y mucho m\u00e1s.<\/li>\n<li><strong>Mejora de las campa\u00f1as publicitarias espec\u00edficas.<\/strong>  UpManage Srl colabora con terceros proveedores de servicios para mejorar las campa\u00f1as publicitarias dirigidas.<\/li>\n<\/ul>\n<p>Si decides proporcionar dicha informaci\u00f3n durante el registro o de otro modo, est\u00e1s dando permiso a UpManage Srl para utilizar, compartir y almacenar dicha informaci\u00f3n de acuerdo con esta Pol\u00edtica de privacidad.<\/p>\n<p>Su informaci\u00f3n puede ser divulgada por otras razones, entre ellas:<\/p>\n<ul>\n<li>Cumplimiento de las leyes, reglamentos o mandamientos judiciales aplicables.<\/li>\n<li>Responder a reclamaciones sobre el uso que usted hace de nuestro Servicio y que vulnera los derechos de terceros.<\/li>\n<li>Cumplimiento de los acuerdos celebrados con nosotros, incluida la presente Pol\u00edtica de Privacidad.<\/li>\n<\/ul>\n<h4>Cookies<\/h4>\n<p>Las cookies son peque\u00f1os archivos de texto que los sitios web que visita colocan en su ordenador. Los sitios web utilizan cookies para ayudar a los usuarios a navegar con eficacia y realizar determinadas funciones. Las cookies necesarias para que el sitio web funcione correctamente pueden instalarse sin su permiso. Todas las dem\u00e1s cookies deben ser aprobadas antes de instalarse en el navegador.<\/p>\n<ul>\n<li><strong>Cookies estrictamente necesarias.<\/strong>  Las cookies estrictamente necesarias permiten las principales funcionalidades del sitio web, como el inicio de sesi\u00f3n del usuario y la gesti\u00f3n de cuentas. El sitio web no puede utilizarse correctamente sin las cookies estrictamente necesarias.<\/li>\n<li><strong>Cookies de rendimiento.<\/strong>  Las cookies de rendimiento se utilizan para ver c\u00f3mo utilizan el sitio web los visitantes, por ejemplo, con cookies anal\u00edticas. Estas cookies no pueden utilizarse para identificar directamente a un visitante concreto.<\/li>\n<li><strong>Cookies de segmentaci\u00f3n.<\/strong>  Las cookies de orientaci\u00f3n se utilizan para identificar a los visitantes entre diferentes sitios web, por ejemplo, socios de contenido, redes de banners. Estas cookies pueden ser utilizadas por empresas para elaborar perfiles de los intereses de los visitantes o mostrar anuncios relevantes en otros sitios web.<\/li>\n<li><strong>Cookies de funcionalidad.<\/strong>  Las cookies de funcionalidad se utilizan para recordar informaci\u00f3n del visitante sobre el sitio web, por ejemplo, el idioma, la zona horaria y el contenido avanzado.<\/li>\n<li><strong>Galletas sin clasificar.<\/strong>  Las cookies no categorizadas son cookies que no pertenecen a ninguna otra categor\u00eda o que est\u00e1n en proceso de categorizaci\u00f3n.<\/li>\n<\/ul>\n<p>A continuaci\u00f3n puede modificar su consentimiento para el uso de cookies.<\/p>\n<p><script type=\"text\/javascript\" charset=\"UTF-8\" data-cookiescriptreport=\"report\" src=\"\/\/report.cookie-script.com\/r\/e7f3fc3ccf75afbc439a49e717bd7231.js\"><\/script><\/p>\n<h4>Seguridad<\/h4>\n<p>La seguridad de su informaci\u00f3n es importante para nosotros. https:\/\/performance-ppc.com utiliza diversas medidas de seguridad para evitar el uso indebido, la p\u00e9rdida o la alteraci\u00f3n de la informaci\u00f3n que nos has proporcionado. Sin embargo, como no podemos garantizar la seguridad de la informaci\u00f3n que nos facilita, usted accede a nuestro servicio por su cuenta y riesgo.<\/p>\n<p><span style=\"color: var( --e-global-color-text ); font-family: var( --e-global-typography-text-font-family ), Sans-serif; font-weight: var( --e-global-typography-text-font-weight ); text-align: var(--text-align); background-color: var( --e-global-color-secondary ); font-size: 1rem;\">UpManage Srl<\/span> no es responsable del funcionamiento de los sitios web gestionados por terceros ni de tus interacciones con ellos. Cuando abandone este sitio web, le recomendamos que revise las pr\u00e1cticas de privacidad de otros sitios web con los que interact\u00fae y determine la idoneidad de dichas pr\u00e1cticas.<\/p>\n<h4>P\u00f3ngase en contacto con<\/h4>\n<p>Si tiene alguna pregunta, puede ponerse en contacto con nosotros a trav\u00e9s de los siguientes canales:<\/p>\n<p>Nombre: UpManage Srl<\/p>\n<p>Direcci\u00f3n: Via Privata del Gonfalone, 3 &#8211; 20123 Mil\u00e1n (MI)<\/p>\n<p>Tel. 029-4755014<\/p>\n<p>Correo electr\u00f3nico: info@performance-ppc-com<\/p>\n<p>P\u00e1gina web: https:\/\/performance-ppc.com<\/p>\n\t\t\t\t\t\t<\/div>\n\t\t\t\t<\/div>\n\t\t\t\t\t<\/div>\n\t\t\t\t<\/div>\n\t\t\t\t<\/div>\n\t\t","protected":false},"excerpt":{"rendered":"<p>Pol\u00edtica de privacidad Fecha de entrada en vigor: 2022-11-08 \u00daltima actualizaci\u00f3n: 2025-12-19 Esta Pol\u00edtica de privacidad explica las pol\u00edticas de UpManage Srl sobre la recopilaci\u00f3n y el uso de la informaci\u00f3n querecoge cuando accedes a https:\/\/performance-ppc.com (el \u00abServicio\u00bb). Esta Pol\u00edtica de Privacidaddescribe tus derechos y c\u00f3mo te protegen las leyes de privacidad. Al utilizar nuestro [&hellip;]<\/p>\n","protected":false},"author":1,"featured_media":0,"parent":0,"menu_order":0,"comment_status":"closed","ping_status":"closed","template":"","meta":{"_acf_changed":false,"footnotes":""},"class_list":["post-8610","page","type-page","status-publish","hentry"],"acf":[],"_links":{"self":[{"href":"https:\/\/performance-ppc.com\/es\/wp-json\/wp\/v2\/pages\/8610","targetHints":{"allow":["GET"]}}],"collection":[{"href":"https:\/\/performance-ppc.com\/es\/wp-json\/wp\/v2\/pages"}],"about":[{"href":"https:\/\/performance-ppc.com\/es\/wp-json\/wp\/v2\/types\/page"}],"author":[{"embeddable":true,"href":"https:\/\/performance-ppc.com\/es\/wp-json\/wp\/v2\/users\/1"}],"replies":[{"embeddable":true,"href":"https:\/\/performance-ppc.com\/es\/wp-json\/wp\/v2\/comments?post=8610"}],"version-history":[{"count":2,"href":"https:\/\/performance-ppc.com\/es\/wp-json\/wp\/v2\/pages\/8610\/revisions"}],"predecessor-version":[{"id":11232,"href":"https:\/\/performance-ppc.com\/es\/wp-json\/wp\/v2\/pages\/8610\/revisions\/11232"}],"wp:attachment":[{"href":"https:\/\/performance-ppc.com\/es\/wp-json\/wp\/v2\/media?parent=8610"}],"curies":[{"name":"wp","href":"https:\/\/api.w.org\/{rel}","templated":true}]}}